{"id":3,"date":"2023-12-24T17:22:09","date_gmt":"2023-12-24T17:22:09","guid":{"rendered":"http:\/\/funnelexplosive.com\/?page_id=3"},"modified":"2023-12-25T17:39:11","modified_gmt":"2023-12-25T17:39:11","slug":"privacy-policy","status":"publish","type":"page","link":"https:\/\/funnelexplosive.com\/?page_id=3","title":{"rendered":"Privacy Policy"},"content":{"rendered":"\t\t<div data-elementor-type=\"wp-page\" data-elementor-id=\"3\" class=\"elementor elementor-3\" data-elementor-post-type=\"page\">\n\t\t\t\t\t\t\t\t\t<section class=\"elementor-section elementor-top-section elementor-element elementor-element-6bb15bbc elementor-section-full_width elementor-section-height-default elementor-section-height-default\" data-id=\"6bb15bbc\" data-element_type=\"section\" id=\"Beneficios\" data-settings=\"{&quot;background_background&quot;:&quot;gradient&quot;}\">\n\t\t\t\t\t\t<div class=\"elementor-container elementor-column-gap-no\">\n\t\t\t\t\t<div class=\"elementor-column elementor-col-100 elementor-top-column elementor-element elementor-element-35e21266\" data-id=\"35e21266\" data-element_type=\"column\" data-settings=\"{&quot;background_background&quot;:&quot;gradient&quot;}\">\n\t\t\t<div class=\"elementor-widget-wrap elementor-element-populated\">\n\t\t\t\t\t\t\t\t<div class=\"elementor-element elementor-element-387fedd4 elementor-widget elementor-widget-heading\" data-id=\"387fedd4\" data-element_type=\"widget\" data-widget_type=\"heading.default\">\n\t\t\t\t<div class=\"elementor-widget-container\">\n\t\t\t<style>\/*! elementor - v3.18.0 - 20-12-2023 *\/\n.elementor-heading-title{padding:0;margin:0;line-height:1}.elementor-widget-heading .elementor-heading-title[class*=elementor-size-]>a{color:inherit;font-size:inherit;line-height:inherit}.elementor-widget-heading .elementor-heading-title.elementor-size-small{font-size:15px}.elementor-widget-heading .elementor-heading-title.elementor-size-medium{font-size:19px}.elementor-widget-heading .elementor-heading-title.elementor-size-large{font-size:29px}.elementor-widget-heading .elementor-heading-title.elementor-size-xl{font-size:39px}.elementor-widget-heading .elementor-heading-title.elementor-size-xxl{font-size:59px}<\/style><h1 class=\"elementor-heading-title elementor-size-default\">Pol\u00edtica de Privacidad<\/h1>\t\t<\/div>\n\t\t\t\t<\/div>\n\t\t\t\t<div class=\"elementor-element elementor-element-134e8876 elementor-widget__width-initial elementor-widget elementor-widget-text-editor\" data-id=\"134e8876\" data-element_type=\"widget\" data-widget_type=\"text-editor.default\">\n\t\t\t\t<div class=\"elementor-widget-container\">\n\t\t\t<style>\/*! elementor - v3.18.0 - 20-12-2023 *\/\n.elementor-widget-text-editor.elementor-drop-cap-view-stacked .elementor-drop-cap{background-color:#69727d;color:#fff}.elementor-widget-text-editor.elementor-drop-cap-view-framed .elementor-drop-cap{color:#69727d;border:3px solid;background-color:transparent}.elementor-widget-text-editor:not(.elementor-drop-cap-view-default) .elementor-drop-cap{margin-top:8px}.elementor-widget-text-editor:not(.elementor-drop-cap-view-default) .elementor-drop-cap-letter{width:1em;height:1em}.elementor-widget-text-editor .elementor-drop-cap{float:left;text-align:center;line-height:1;font-size:50px}.elementor-widget-text-editor .elementor-drop-cap-letter{display:inline-block}<\/style>\t\t\t\t<p><span style=\"font-weight: 400;\">Informaci\u00f3n en cumplimiento de la normativa de protecci\u00f3n de datos personales<\/span><\/p><p><span style=\"font-weight: 400;\">\u00a0<\/span><\/p><p><span style=\"font-weight: 400;\">En Europa y en Espa\u00f1a existen normas de protecci\u00f3n de datos pensadas para proteger su informaci\u00f3n personal de obligado cumplimiento para nuestra entidad.<\/span><\/p><p><span style=\"font-weight: 400;\">Por ello, es muy importante para nosotros que entienda perfectamente qu\u00e9 vamos a hacer con los datos personales que le pedimos.<\/span><\/p><p><span style=\"font-weight: 400;\">As\u00ed, seremos transparentes y le daremos el control de sus datos, con un lenguaje sencillo y opciones claras que le permitir\u00e1n decidir qu\u00e9 haremos con su informaci\u00f3n personal.<\/span><\/p><p><span style=\"font-weight: 400;\">Por favor, si una vez le\u00edda la presente informaci\u00f3n le queda alguna duda, no dude en preguntarnos.<\/span><\/p><p><span style=\"font-weight: 400;\">Muchas gracias por su colaboraci\u00f3n.<\/span><\/p><p><span style=\"font-weight: 400;\">\u00a0<\/span><\/p><p><b><u>\u00bfQui\u00e9nes somos?<\/u><\/b><\/p><p><span style=\"font-weight: 400;\">Nuestra denominaci\u00f3n: EDUARDO SU\u00c1REZ RIVERO<\/span><\/p><p><span style=\"font-weight: 400;\">Nuestro NIF: 45399169K<\/span><\/p><ul><li><span style=\"font-weight: 400;\">Nuestra direcci\u00f3n: LAS PALMAS DE GRAN CANARIA (Las Palmas).\u00a0<\/span><\/li><li><span style=\"font-weight: 400;\">Nuestra direcci\u00f3n de correo electr\u00f3nico de contacto: Info@soyeduardosuarez.com<\/span><\/li><li><span style=\"font-weight: 400;\">Nuestra p\u00e1gina web:<a href=\"https:\/\/soyeduardosuarez.com\/\"> Soyeduardosuarez.com<\/a><\/span><\/li><\/ul><div>\u00a0<\/div><div>\u00a0<\/div><p><b><u>\u00bfPara qu\u00e9 vamos a usar sus datos?<\/u><\/b><\/p><p><span style=\"font-weight: 400;\">Con car\u00e1cter general, sus datos personales ser\u00e1n usados para poder relacionarnos con usted y poder prestarle nuestros servicios.<\/span><\/p><p><span style=\"font-weight: 400;\">Asimismo, tambi\u00e9n pueden ser usados para otras actividades, como enviarle publicidad o promocionar nuestras actividades.<\/span><\/p><p><span style=\"font-weight: 400;\">En caso de que usted nos haya facilitado su curr\u00edculum personal, sus datos personales ser\u00e1n usados para para incluirle en los distintos procesos de selecci\u00f3n que encajen con su perfil o que puedan ser de su inter\u00e9s.<\/span><\/p><p><span style=\"font-weight: 400;\">\u00a0<\/span><\/p><p><b>\u00bf<u>Por qu\u00e9 necesitamos usar sus datos?<\/u><\/b><\/p><p><span style=\"font-weight: 400;\">Sus datos personales son necesarios para poder relacionarnos con usted y poder prestarle nuestros servicios. En este sentido, pondremos a su disposici\u00f3n una serie de casillas que le permitir\u00e1n decidir de manera clara y sencilla sobre el uso de su informaci\u00f3n personal.<\/span><\/p><p><span style=\"font-weight: 400;\">Asimismo, necesitamos los datos incluidos en su curr\u00edculum para poder participar en los distintos procesos de selecci\u00f3n que realice nuestra entidad.<\/span><\/p><p><span style=\"font-weight: 400;\">\u00a0<\/span><\/p><p><b><u>\u00bfQui\u00e9n va a conocer la informaci\u00f3n que le pedimos?<\/u><\/b><\/p><p><span style=\"font-weight: 400;\">Con car\u00e1cter general, s\u00f3lo el personal de nuestra entidad que est\u00e9 debidamente autorizado podr\u00e1 tener conocimiento de la informaci\u00f3n que le pedimos.<\/span><\/p><p><span style=\"font-weight: 400;\">De igual modo, podr\u00e1n tener conocimiento de su informaci\u00f3n personal aquellas entidades que necesiten tener acceso a la misma para que podamos prestarle nuestros servicios. As\u00ed por ejemplo, nuestro banco conocer\u00e1 sus datos si el pago de nuestros servicios se realiza mediante tarjeta o transferencia bancaria.<\/span><\/p><p><span style=\"font-weight: 400;\">Asimismo, tendr\u00e1n conocimiento de su informaci\u00f3n aquellas entidades p\u00fablicas o privadas a las cuales estemos obligados a facilitar sus datos personales con motivo del cumplimiento de alguna ley. Poni\u00e9ndole un ejemplo, la Ley Tributaria obliga a facilitar a la Agencia Tributaria determinada informaci\u00f3n sobre operaciones econ\u00f3micas que superen una determinada cantidad.<\/span><\/p><p><span style=\"font-weight: 400;\">En el caso de que, al margen de los supuestos comentados, necesitemos dar a conocer su informaci\u00f3n personal a otras entidades, le solicitaremos previamente su permiso a trav\u00e9s de opciones claras que le permitir\u00e1n decidir a este respecto.<\/span><\/p><p><span style=\"font-weight: 400;\">\u00a0<\/span><\/p><p><b><u>\u00bfC\u00f3mo vamos a proteger sus datos?<\/u><\/b><\/p><p><span style=\"font-weight: 400;\">Protegeremos sus datos con medidas de seguridad eficaces en funci\u00f3n de los riesgos que conlleve el uso de su informaci\u00f3n.<\/span><\/p><p><span style=\"font-weight: 400;\">Para ello, nuestra entidad ha aprobado una Pol\u00edtica de Protecci\u00f3n de Datos y se realizan controles y auditor\u00edas anuales para verificar que sus datos personales est\u00e1n seguros en todo momento.<\/span><\/p><p><span style=\"font-weight: 400;\">\u00a0<\/span><\/p><p><b><u>\u00bfEnviaremos sus datos a otros pa\u00edses?<\/u><\/b><\/p><p><span style=\"font-weight: 400;\">En el mundo hay pa\u00edses que son seguros para sus datos y otros que no lo son tanto. As\u00ed por ejemplo, la Uni\u00f3n Europea es un entorno seguro para sus datos. Nuestra pol\u00edtica es no enviar su informaci\u00f3n personal a ning\u00fan pa\u00eds que no sea seguro desde el punto de vista de la protecci\u00f3n de sus datos.<\/span><\/p><p><span style=\"font-weight: 400;\">En el caso de que, con motivo de prestarle el servicio, sea imprescindible enviar sus datos a un pa\u00eds que no sea tan seguro como Espa\u00f1a, siempre le solicitaremos previamente su permiso y aplicaremos medidas de seguridad eficaces que reduzcan los riesgos del env\u00edo de su informaci\u00f3n personal a otro pa\u00eds.<\/span><\/p><p><span style=\"font-weight: 400;\">\u00a0<\/span><\/p><p><b><u>\u00bfDurante cu\u00e1nto tiempo vamos a conservar sus datos?<\/u><\/b><\/p><p><span style=\"font-weight: 400;\">Conservaremos sus datos durante nuestra relaci\u00f3n y mientras nos obliguen las leyes. Una vez finalizados los plazos legales aplicables, procederemos a eliminarlos de forma segura y respetuosa con el medio ambiente.<\/span><\/p><p><span style=\"font-weight: 400;\">Sus datos personales aportados con su curr\u00edculum se conservar\u00e1n durante el plazo de un a\u00f1o a contar desde la presentaci\u00f3n de la solicitud de empleo o candidatura al proceso de selecci\u00f3n de personal. Una vez finalizado dicho plazo, procederemos a eliminarlos de forma segura.<\/span><\/p><p><span style=\"font-weight: 400;\">\u00a0<\/span><\/p><p><b><u>\u00bfCu\u00e1les son sus derechos de protecci\u00f3n de datos?<\/u><\/b><\/p><p><span style=\"font-weight: 400;\">En cualquier momento puede dirigirse a nosotros para saber qu\u00e9 informaci\u00f3n tenemos sobre usted, rectificarla si fuese incorrecta y eliminarla una vez finalizada nuestra relaci\u00f3n, en el caso de que ello sea legalmente posible.<\/span><\/p><p><span style=\"font-weight: 400;\">Tambi\u00e9n tiene derecho a solicitar el traspaso de su informaci\u00f3n a otra entidad. Este derecho se llama \u201cportabilidad\u201d y puede ser \u00fatil en determinadas situaciones.<\/span><\/p><p><span style=\"font-weight: 400;\">Para solicitar alguno de estos derechos, deber\u00e1 realizar una solicitud escrita a nuestra direcci\u00f3n, junto con una fotocopia de su DNI, para poder identificarle.<\/span><\/p><p><span style=\"font-weight: 400;\">En las oficinas de nuestra entidad disponemos de formularios espec\u00edficos para solicitar dichos derechos y le ofrecemos nuestra ayuda para su cumplimentaci\u00f3n.<\/span><\/p><p><span style=\"font-weight: 400;\">Para saber m\u00e1s sobre sus derechos de protecci\u00f3n de datos, puede consultar la p\u00e1gina web de la Agencia Espa\u00f1ola de Protecci\u00f3n de Datos (www.agpd.es).<\/span><\/p><p><span style=\"font-weight: 400;\">\u00a0<\/span><\/p><p><b><u>\u00bfPuede retirar su consentimiento si cambia de opini\u00f3n en un momento posterior?<\/u><\/b><\/p><p><span style=\"font-weight: 400;\">Usted puede retirar su consentimiento si cambia de opini\u00f3n sobre el uso de sus datos en cualquier momento.<\/span><\/p><p><span style=\"font-weight: 400;\">As\u00ed por ejemplo, si usted en su d\u00eda estuvo interesado\/a en recibir publicidad de nuestros productos o servicios, pero ya no desea recibir m\u00e1s publicidad, puede hac\u00e9rnoslo constar a trav\u00e9s del formulario de oposici\u00f3n al tratamiento disponible en las oficinas de nuestra entidad.<\/span><\/p><p><span style=\"font-weight: 400;\">En caso de que entienda que sus derechos han sido desatendidos, \u00bfD\u00f3nde puede formular una reclamaci\u00f3n?<\/span><\/p><p><span style=\"font-weight: 400;\">En caso de que entienda que sus derechos han sido desatendidos por nuestra entidad, puede formular una reclamaci\u00f3n en la Agencia Espa\u00f1ola de Protecci\u00f3n de Datos, a trav\u00e9s de alguno de los medios siguientes:<\/span><\/p><p><span style=\"font-weight: 400;\">Sede electr\u00f3nica: www.agpd.es<\/span><\/p><p><span style=\"font-weight: 400;\">Direcci\u00f3n postal:<\/span><\/p><p><span style=\"font-weight: 400;\">Agencia Espa\u00f1ola de Protecci\u00f3n de Datos<\/span><\/p><p><span style=\"font-weight: 400;\">C\/ Jorge Juan, 6<\/span><\/p><p><span style=\"font-weight: 400;\">28001-Madrid<\/span><\/p><p><span style=\"font-weight: 400;\">V\u00eda telef\u00f3nica:<\/span><\/p><p><span style=\"font-weight: 400;\">Telf. 901 100 099<\/span><\/p><p><span style=\"font-weight: 400;\">Telf. 91 266 35 17<\/span><\/p><p><span style=\"font-weight: 400;\">Formular una reclamaci\u00f3n en la Agencia Espa\u00f1ola de Protecci\u00f3n de Datos no conlleva ning\u00fan coste y no es necesaria la asistencia de abogado ni procurador.<\/span><\/p><p><span style=\"font-weight: 400;\">\u00a0<\/span><\/p><p><b><u>\u00bfElaboraremos perfiles sobre usted?<\/u><\/b><\/p><p><span style=\"font-weight: 400;\">Nuestra pol\u00edtica es no elaborar perfiles sobre los usuarios de nuestros servicios.<\/span><\/p><p><span style=\"font-weight: 400;\">No obstante, pueden existir situaciones en las que, con fines de prestaci\u00f3n del servicio, comerciales o de otro tipo, necesitemos elaborar perfiles de informaci\u00f3n sobre usted. Un ejemplo pudiera ser la utilizaci\u00f3n de su historial de compras o servicios para poder ofrecerle productos o servicios adaptados a sus gustos o necesidades.<\/span><\/p><p><span style=\"font-weight: 400;\">En tal caso, aplicaremos medidas de seguridad eficaces que protejan su informaci\u00f3n en todo momento de personas no autorizadas que pretendan utilizarla en su propio beneficio.<\/span><\/p><p><span style=\"font-weight: 400;\">\u00a0<\/span><\/p><p><b><u>\u00bfUsaremos sus datos para otros fines?<\/u><\/b><\/p><p><span style=\"font-weight: 400;\">Nuestra pol\u00edtica es no usar sus datos para otras finalidades distintas a las que le hemos explicado. Si, no obstante, necesitaremos usar sus datos para actividades distintas, siempre le solicitaremos previamente su permiso a trav\u00e9s de opciones claras que le permitir\u00e1n decidir al respecto.<\/span><\/p>\t\t\t\t\t\t<\/div>\n\t\t\t\t<\/div>\n\t\t\t\t\t<\/div>\n\t\t<\/div>\n\t\t\t\t\t\t\t<\/div>\n\t\t<\/section>\n\t\t\t\t\t\t\t<\/div>\n\t\t","protected":false},"excerpt":{"rendered":"<p>Pol\u00edtica de Privacidad Informaci\u00f3n en cumplimiento de la normativa de protecci\u00f3n de datos personales \u00a0 En Europa y en Espa\u00f1a existen normas de protecci\u00f3n de datos pensadas para proteger su informaci\u00f3n personal de obligado cumplimiento para nuestra entidad. Por ello, es muy importante para nosotros que entienda perfectamente qu\u00e9 vamos a hacer con los datos [&hellip;]<\/p>\n","protected":false},"author":1,"featured_media":0,"parent":0,"menu_order":0,"comment_status":"closed","ping_status":"open","template":"","meta":{"footnotes":""},"class_list":["post-3","page","type-page","status-publish","hentry"],"_links":{"self":[{"href":"https:\/\/funnelexplosive.com\/index.php?rest_route=\/wp\/v2\/pages\/3","targetHints":{"allow":["GET"]}}],"collection":[{"href":"https:\/\/funnelexplosive.com\/index.php?rest_route=\/wp\/v2\/pages"}],"about":[{"href":"https:\/\/funnelexplosive.com\/index.php?rest_route=\/wp\/v2\/types\/page"}],"author":[{"embeddable":true,"href":"https:\/\/funnelexplosive.com\/index.php?rest_route=\/wp\/v2\/users\/1"}],"replies":[{"embeddable":true,"href":"https:\/\/funnelexplosive.com\/index.php?rest_route=%2Fwp%2Fv2%2Fcomments&post=3"}],"version-history":[{"count":6,"href":"https:\/\/funnelexplosive.com\/index.php?rest_route=\/wp\/v2\/pages\/3\/revisions"}],"predecessor-version":[{"id":78,"href":"https:\/\/funnelexplosive.com\/index.php?rest_route=\/wp\/v2\/pages\/3\/revisions\/78"}],"wp:attachment":[{"href":"https:\/\/funnelexplosive.com\/index.php?rest_route=%2Fwp%2Fv2%2Fmedia&parent=3"}],"curies":[{"name":"wp","href":"https:\/\/api.w.org\/{rel}","templated":true}]}}